{"id":23,"date":"2025-05-06T15:04:00","date_gmt":"2025-05-06T15:04:00","guid":{"rendered":"https:\/\/instalacionesoviedo.rkinformatika.online\/?page_id=23"},"modified":"2025-05-12T08:06:03","modified_gmt":"2025-05-12T08:06:03","slug":"inicio","status":"publish","type":"page","link":"https:\/\/instalacionesoviedo.com\/en\/","title":{"rendered":"Home"},"content":{"rendered":"<div data-elementor-type=\"wp-post\" data-elementor-id=\"23\" class=\"elementor elementor-23\" data-elementor-post-type=\"page\">\n\t\t\t\t<div class=\"elementor-element elementor-element-7c6c9bb e-con-full e-flex e-con e-parent\" data-id=\"7c6c9bb\" data-element_type=\"container\" data-e-type=\"container\" data-settings=\"{&quot;background_background&quot;:&quot;classic&quot;}\">\n\t\t<div class=\"elementor-element elementor-element-23789ef e-con-full e-flex e-con e-child\" data-id=\"23789ef\" data-element_type=\"container\" data-e-type=\"container\">\n\t\t\t\t<div class=\"elementor-element elementor-element-634e5f9 elementor-widget elementor-widget-heading\" data-id=\"634e5f9\" data-element_type=\"widget\" data-e-type=\"widget\" data-widget_type=\"heading.default\">\n\t\t\t\t<div class=\"elementor-widget-container\">\n\t\t\t\t\t<h1 class=\"elementor-heading-title elementor-size-default\">Instalaciones Oviedo<\/h1>\t\t\t\t<\/div>\n\t\t\t\t<\/div>\n\t\t\t\t<div class=\"elementor-element elementor-element-7582948 elementor-widget elementor-widget-text-editor\" data-id=\"7582948\" data-element_type=\"widget\" data-e-type=\"widget\" data-widget_type=\"text-editor.default\">\n\t\t\t\t<div class=\"elementor-widget-container\">\n\t\t\t\t\t\t\t\t\t<p>Comprehensive solutions in the field of carpentry.<\/p>\t\t\t\t\t\t\t\t<\/div>\n\t\t\t\t<\/div>\n\t\t\t\t<div class=\"elementor-element elementor-element-e5b852c elementor-align-center elementor-widget elementor-widget-button\" data-id=\"e5b852c\" data-element_type=\"widget\" data-e-type=\"widget\" data-widget_type=\"button.default\">\n\t\t\t\t<div class=\"elementor-widget-container\">\n\t\t\t\t\t\t\t\t\t<div class=\"elementor-button-wrapper\">\n\t\t\t\t\t<a class=\"elementor-button elementor-button-link elementor-size-sm\" href=\"https:\/\/instalacionesoviedo.com\/en\/servicios\/\">\n\t\t\t\t\t\t<span class=\"elementor-button-content-wrapper\">\n\t\t\t\t\t\t\t\t\t<span class=\"elementor-button-text\">Our services<\/span>\n\t\t\t\t\t<\/span>\n\t\t\t\t\t<\/a>\n\t\t\t\t<\/div>\n\t\t\t\t\t\t\t\t<\/div>\n\t\t\t\t<\/div>\n\t\t\t\t<\/div>\n\t\t\t\t<\/div>\n\t\t<div class=\"elementor-element elementor-element-b568b5b e-flex e-con-boxed e-con e-parent\" data-id=\"b568b5b\" data-element_type=\"container\" data-e-type=\"container\">\n\t\t\t\t\t<div class=\"e-con-inner\">\n\t\t<div class=\"elementor-element elementor-element-b14d94f e-con-full e-flex e-con e-child\" data-id=\"b14d94f\" data-element_type=\"container\" data-e-type=\"container\">\n\t\t\t\t<div class=\"elementor-element elementor-element-448bf75 elementor-widget elementor-widget-heading\" data-id=\"448bf75\" data-element_type=\"widget\" data-e-type=\"widget\" data-widget_type=\"heading.default\">\n\t\t\t\t<div class=\"elementor-widget-container\">\n\t\t\t\t\t<h2 class=\"elementor-heading-title elementor-size-default\">Our story<\/h2>\t\t\t\t<\/div>\n\t\t\t\t<\/div>\n\t\t\t\t<div class=\"elementor-element elementor-element-3f145ed elementor-widget elementor-widget-text-editor\" data-id=\"3f145ed\" data-element_type=\"widget\" data-e-type=\"widget\" data-widget_type=\"text-editor.default\">\n\t\t\t\t<div class=\"elementor-widget-container\">\n\t\t\t\t\t\t\t\t\t<p>Instalaciones Oviedo was founded over 10 years ago with the aim of offering high-quality carpentry solutions. Throughout our history, we have accumulated invaluable experience that has allowed us to perfect our processes and always offer the best to our clients. Our greatest strength is the thoroughness with which we carry out each job, ensuring that each project has an impeccable finish. We pride ourselves on ensuring that our clients are always satisfied with the results, and our priority is to leave each space with a beautiful finish that combines functionality and aesthetics. Over the years, we have established ourselves as a trusted company, recognized for the quality and dedication we put into each of our projects.<\/p>\t\t\t\t\t\t\t\t<\/div>\n\t\t\t\t<\/div>\n\t\t\t\t<\/div>\n\t\t<div class=\"elementor-element elementor-element-13bea02 e-con-full e-flex e-con e-child\" data-id=\"13bea02\" data-element_type=\"container\" data-e-type=\"container\">\n\t\t\t\t<div class=\"elementor-element elementor-element-66a1315 elementor-widget elementor-widget-image\" data-id=\"66a1315\" data-element_type=\"widget\" data-e-type=\"widget\" data-widget_type=\"image.default\">\n\t\t\t\t<div class=\"elementor-widget-container\">\n\t\t\t\t\t\t\t\t\t\t\t\t\t\t\t<img fetchpriority=\"high\" decoding=\"async\" width=\"1500\" height=\"1000\" src=\"https:\/\/instalacionesoviedo.com\/wp-content\/uploads\/2025\/05\/carpenter2.jpg\" class=\"attachment-full size-full wp-image-512\" alt=\"\" srcset=\"https:\/\/instalacionesoviedo.com\/wp-content\/uploads\/2025\/05\/carpenter2.jpg 1500w, https:\/\/instalacionesoviedo.com\/wp-content\/uploads\/2025\/05\/carpenter2-300x200.jpg 300w, https:\/\/instalacionesoviedo.com\/wp-content\/uploads\/2025\/05\/carpenter2-1024x683.jpg 1024w, https:\/\/instalacionesoviedo.com\/wp-content\/uploads\/2025\/05\/carpenter2-768x512.jpg 768w, https:\/\/instalacionesoviedo.com\/wp-content\/uploads\/2025\/05\/carpenter2-18x12.jpg 18w\" sizes=\"(max-width: 1500px) 100vw, 1500px\" \/>\t\t\t\t\t\t\t\t\t\t\t\t\t\t\t<\/div>\n\t\t\t\t<\/div>\n\t\t\t\t<\/div>\n\t\t\t\t\t<\/div>\n\t\t\t\t<\/div>\n\t\t\t\t<section class=\"elementor-section elementor-top-section elementor-element elementor-element-c2243b3 elementor-section-full_width elementor-section-height-default elementor-section-height-default\" data-id=\"c2243b3\" data-element_type=\"section\" data-e-type=\"section\" data-settings=\"{&quot;background_background&quot;:&quot;classic&quot;}\">\n\t\t\t\t\t\t\t<div class=\"elementor-background-overlay\"><\/div>\n\t\t\t\t\t\t\t<div class=\"elementor-container elementor-column-gap-default\">\n\t\t\t\t\t<div class=\"elementor-column elementor-col-100 elementor-top-column elementor-element elementor-element-20fe3562\" data-id=\"20fe3562\" data-element_type=\"column\" data-e-type=\"column\">\n\t\t\t<div class=\"elementor-widget-wrap elementor-element-populated\">\n\t\t\t\t\t\t<div class=\"elementor-element elementor-element-302a52b8 elementor-widget elementor-widget-heading\" data-id=\"302a52b8\" data-element_type=\"widget\" data-e-type=\"widget\" data-widget_type=\"heading.default\">\n\t\t\t\t<div class=\"elementor-widget-container\">\n\t\t\t\t\t<h2 class=\"elementor-heading-title elementor-size-default\">Do you need a carpenter?\n<br>\n\nDon't hesitate and call us!<\/h2>\t\t\t\t<\/div>\n\t\t\t\t<\/div>\n\t\t\t\t<div class=\"elementor-element elementor-element-9e2843d elementor-align-center elementor-widget elementor-widget-button\" data-id=\"9e2843d\" data-element_type=\"widget\" data-e-type=\"widget\" data-widget_type=\"button.default\">\n\t\t\t\t<div class=\"elementor-widget-container\">\n\t\t\t\t\t\t\t\t\t<div class=\"elementor-button-wrapper\">\n\t\t\t\t\t<a class=\"elementor-button elementor-button-link elementor-size-sm\" href=\"https:\/\/instalacionesoviedo.com\/en\/contacto\/\">\n\t\t\t\t\t\t<span class=\"elementor-button-content-wrapper\">\n\t\t\t\t\t\t\t\t\t<span class=\"elementor-button-text\">Contact us<\/span>\n\t\t\t\t\t<\/span>\n\t\t\t\t\t<\/a>\n\t\t\t\t<\/div>\n\t\t\t\t\t\t\t\t<\/div>\n\t\t\t\t<\/div>\n\t\t\t\t\t<\/div>\n\t\t<\/div>\n\t\t\t\t\t<\/div>\n\t\t<\/section>\n\t\t<div class=\"elementor-element elementor-element-1b73f0a e-flex e-con-boxed e-con e-parent\" data-id=\"1b73f0a\" data-element_type=\"container\" data-e-type=\"container\">\n\t\t\t\t\t<div class=\"e-con-inner\">\n\t\t<div class=\"elementor-element elementor-element-36a9d82 e-con-full e-flex e-con e-child\" data-id=\"36a9d82\" data-element_type=\"container\" data-e-type=\"container\">\n\t\t\t\t<div class=\"elementor-element elementor-element-abca915 elementor-widget elementor-widget-heading\" data-id=\"abca915\" data-element_type=\"widget\" data-e-type=\"widget\" data-widget_type=\"heading.default\">\n\t\t\t\t<div class=\"elementor-widget-container\">\n\t\t\t\t\t<h2 class=\"elementor-heading-title elementor-size-default\">CARPENTRY SERVICE<\/h2>\t\t\t\t<\/div>\n\t\t\t\t<\/div>\n\t\t\t\t<div class=\"elementor-element elementor-element-39a0084 elementor-widget elementor-widget-heading\" data-id=\"39a0084\" data-element_type=\"widget\" data-e-type=\"widget\" data-widget_type=\"heading.default\">\n\t\t\t\t<div class=\"elementor-widget-container\">\n\t\t\t\t\t<h4 class=\"elementor-heading-title elementor-size-default\">We are pros<\/h4>\t\t\t\t<\/div>\n\t\t\t\t<\/div>\n\t\t\t\t<div class=\"elementor-element elementor-element-00f35b4 elementor-widget-divider--view-line elementor-widget elementor-widget-divider\" data-id=\"00f35b4\" data-element_type=\"widget\" data-e-type=\"widget\" data-widget_type=\"divider.default\">\n\t\t\t\t<div class=\"elementor-widget-container\">\n\t\t\t\t\t\t\t<div class=\"elementor-divider\">\n\t\t\t<span class=\"elementor-divider-separator\">\n\t\t\t\t\t\t<\/span>\n\t\t<\/div>\n\t\t\t\t\t\t<\/div>\n\t\t\t\t<\/div>\n\t\t\t\t<div class=\"elementor-element elementor-element-c50e9bd elementor-widget-divider--view-line elementor-widget elementor-widget-divider\" data-id=\"c50e9bd\" data-element_type=\"widget\" data-e-type=\"widget\" data-widget_type=\"divider.default\">\n\t\t\t\t<div class=\"elementor-widget-container\">\n\t\t\t\t\t\t\t<div class=\"elementor-divider\">\n\t\t\t<span class=\"elementor-divider-separator\">\n\t\t\t\t\t\t<\/span>\n\t\t<\/div>\n\t\t\t\t\t\t<\/div>\n\t\t\t\t<\/div>\n\t\t\t\t<\/div>\n\t\t<div class=\"elementor-element elementor-element-b5a1748 e-con-full e-flex e-con e-child\" data-id=\"b5a1748\" data-element_type=\"container\" data-e-type=\"container\">\n\t\t\t\t<div class=\"elementor-element elementor-element-cb3a1e7 elementor-widget__width-initial elementor-view-default elementor-position-block-start elementor-mobile-position-block-start elementor-widget elementor-widget-icon-box\" data-id=\"cb3a1e7\" data-element_type=\"widget\" data-e-type=\"widget\" data-widget_type=\"icon-box.default\">\n\t\t\t\t<div class=\"elementor-widget-container\">\n\t\t\t\t\t\t\t<div class=\"elementor-icon-box-wrapper\">\n\n\t\t\t\t\t\t<div class=\"elementor-icon-box-icon\">\n\t\t\t\t<span  class=\"elementor-icon\">\n\t\t\t\t<svg aria-hidden=\"true\" class=\"e-font-icon-svg e-fas-screwdriver\" viewbox=\"0 0 512 512\" xmlns=\"http:\/\/www.w3.org\/2000\/svg\"><path d=\"M448 0L320 96v62.06l-83.03 83.03c6.79 4.25 13.27 9.06 19.07 14.87 5.8 5.8 10.62 12.28 14.87 19.07L353.94 192H416l96-128-64-64zM128 278.59L10.92 395.67c-14.55 14.55-14.55 38.15 0 52.71l52.7 52.7c14.56 14.56 38.15 14.56 52.71 0L233.41 384c29.11-29.11 29.11-76.3 0-105.41s-76.3-29.11-105.41 0z\"><\/path><\/svg>\t\t\t\t<\/span>\n\t\t\t<\/div>\n\t\t\t\n\t\t\t\t\t\t<div class=\"elementor-icon-box-content\">\n\n\t\t\t\t\t\t\t\t\t<h3 class=\"elementor-icon-box-title\">\n\t\t\t\t\t\t<span  >\n\t\t\t\t\t\t\tQuality and precision\t\t\t\t\t\t<\/span>\n\t\t\t\t\t<\/h3>\n\t\t\t\t\n\t\t\t\t\t\t\t\t\t<p class=\"elementor-icon-box-description\">\n\t\t\t\t\t\tWe are committed to delivering exceptional, high-quality results with maximum precision.\t\t\t\t\t<\/p>\n\t\t\t\t\n\t\t\t<\/div>\n\t\t\t\n\t\t<\/div>\n\t\t\t\t\t\t<\/div>\n\t\t\t\t<\/div>\n\t\t\t\t<div class=\"elementor-element elementor-element-7fcb8a3 elementor-widget__width-initial elementor-view-default elementor-position-block-start elementor-mobile-position-block-start elementor-widget elementor-widget-icon-box\" data-id=\"7fcb8a3\" data-element_type=\"widget\" data-e-type=\"widget\" data-widget_type=\"icon-box.default\">\n\t\t\t\t<div class=\"elementor-widget-container\">\n\t\t\t\t\t\t\t<div class=\"elementor-icon-box-wrapper\">\n\n\t\t\t\t\t\t<div class=\"elementor-icon-box-icon\">\n\t\t\t\t<span  class=\"elementor-icon\">\n\t\t\t\t<svg aria-hidden=\"true\" class=\"e-font-icon-svg e-fas-people-arrows\" viewbox=\"0 0 576 512\" xmlns=\"http:\/\/www.w3.org\/2000\/svg\"><path d=\"M96,128A64,64,0,1,0,32,64,64,64,0,0,0,96,128Zm0,176.08a44.11,44.11,0,0,1,13.64-32L181.77,204c1.65-1.55,3.77-2.31,5.61-3.57A63.91,63.91,0,0,0,128,160H64A64,64,0,0,0,0,224v96a32,32,0,0,0,32,32V480a32,32,0,0,0,32,32h64a32,32,0,0,0,32-32V383.61l-50.36-47.53A44.08,44.08,0,0,1,96,304.08ZM480,128a64,64,0,1,0-64-64A64,64,0,0,0,480,128Zm32,32H448a63.91,63.91,0,0,0-59.38,40.42c1.84,1.27,4,2,5.62,3.59l72.12,68.06a44.37,44.37,0,0,1,0,64L416,383.62V480a32,32,0,0,0,32,32h64a32,32,0,0,0,32-32V352a32,32,0,0,0,32-32V224A64,64,0,0,0,512,160ZM444.4,295.34l-72.12-68.06A12,12,0,0,0,352,236v36H224V236a12,12,0,0,0-20.28-8.73L131.6,295.34a12.4,12.4,0,0,0,0,17.47l72.12,68.07A12,12,0,0,0,224,372.14V336H352v36.14a12,12,0,0,0,20.28,8.74l72.12-68.07A12.4,12.4,0,0,0,444.4,295.34Z\"><\/path><\/svg>\t\t\t\t<\/span>\n\t\t\t<\/div>\n\t\t\t\n\t\t\t\t\t\t<div class=\"elementor-icon-box-content\">\n\n\t\t\t\t\t\t\t\t\t<h3 class=\"elementor-icon-box-title\">\n\t\t\t\t\t\t<span  >\n\t\t\t\t\t\t\tUNBEATABLE TREATMENT\t\t\t\t\t\t<\/span>\n\t\t\t\t\t<\/h3>\n\t\t\t\t\n\t\t\t\t\t\t\t\t\t<p class=\"elementor-icon-box-description\">\n\t\t\t\t\t\tWe adapt to the specific tastes and needs of each client.\t\t\t\t\t<\/p>\n\t\t\t\t\n\t\t\t<\/div>\n\t\t\t\n\t\t<\/div>\n\t\t\t\t\t\t<\/div>\n\t\t\t\t<\/div>\n\t\t\t\t<div class=\"elementor-element elementor-element-e127bbe elementor-widget__width-initial elementor-view-default elementor-position-block-start elementor-mobile-position-block-start elementor-widget elementor-widget-icon-box\" data-id=\"e127bbe\" data-element_type=\"widget\" data-e-type=\"widget\" data-widget_type=\"icon-box.default\">\n\t\t\t\t<div class=\"elementor-widget-container\">\n\t\t\t\t\t\t\t<div class=\"elementor-icon-box-wrapper\">\n\n\t\t\t\t\t\t<div class=\"elementor-icon-box-icon\">\n\t\t\t\t<span  class=\"elementor-icon\">\n\t\t\t\t<i aria-hidden=\"true\" class=\"icon icon-design\"><\/i>\t\t\t\t<\/span>\n\t\t\t<\/div>\n\t\t\t\n\t\t\t\t\t\t<div class=\"elementor-icon-box-content\">\n\n\t\t\t\t\t\t\t\t\t<h3 class=\"elementor-icon-box-title\">\n\t\t\t\t\t\t<span  >\n\t\t\t\t\t\t\tIMPECCABLE DESIGN\t\t\t\t\t\t<\/span>\n\t\t\t\t\t<\/h3>\n\t\t\t\t\n\t\t\t\t\t\t\t\t\t<p class=\"elementor-icon-box-description\">\n\t\t\t\t\t\tOur design combines functionality and aesthetics; we put quality and dedication into each of our projects.\t\t\t\t\t<\/p>\n\t\t\t\t\n\t\t\t<\/div>\n\t\t\t\n\t\t<\/div>\n\t\t\t\t\t\t<\/div>\n\t\t\t\t<\/div>\n\t\t\t\t<\/div>\n\t\t\t\t\t<\/div>\n\t\t\t\t<\/div>\n\t\t\t\t<\/div>","protected":false},"excerpt":{"rendered":"<p>Instalaciones Oviedo Soluciones integrales en el \u00e1mbito de la carpinter\u00eda. Nuestros servicios Nuestra Historia Instalaciones Oviedo naci\u00f3 hace m\u00e1s de 10 a\u00f1os con el prop\u00f3sito de ofrecer soluciones de carpinter\u00eda de alta calidad. A lo largo de nuestra trayectoria, hemos acumulado una experiencia invaluable que nos ha permitido perfeccionar nuestros procesos y ofrecer siempre lo [&hellip;]<\/p>\n","protected":false},"author":1,"featured_media":0,"parent":0,"menu_order":0,"comment_status":"closed","ping_status":"closed","template":"elementor_canvas","meta":{"footnotes":""},"class_list":["post-23","page","type-page","status-publish","hentry"],"yoast_head":"<!-- This site is optimized with the Yoast SEO plugin v27.3 - https:\/\/yoast.com\/product\/yoast-seo-wordpress\/ -->\n<title>Inicio - Instalaciones Oviedo<\/title>\n<meta name=\"robots\" content=\"index, follow, max-snippet:-1, max-image-preview:large, max-video-preview:-1\" \/>\n<link rel=\"canonical\" href=\"https:\/\/instalacionesoviedo.com\/en\/\" \/>\n<meta property=\"og:locale\" content=\"en_GB\" \/>\n<meta property=\"og:type\" content=\"article\" \/>\n<meta property=\"og:title\" content=\"Inicio - Instalaciones Oviedo\" \/>\n<meta property=\"og:description\" content=\"Instalaciones Oviedo Soluciones integrales en el \u00e1mbito de la carpinter\u00eda. Nuestros servicios Nuestra Historia Instalaciones Oviedo naci\u00f3 hace m\u00e1s de 10 a\u00f1os con el prop\u00f3sito de ofrecer soluciones de carpinter\u00eda de alta calidad. A lo largo de nuestra trayectoria, hemos acumulado una experiencia invaluable que nos ha permitido perfeccionar nuestros procesos y ofrecer siempre lo [&hellip;]\" \/>\n<meta property=\"og:url\" content=\"https:\/\/instalacionesoviedo.com\/en\/\" \/>\n<meta property=\"og:site_name\" content=\"Instalaciones Oviedo\" \/>\n<meta property=\"article:modified_time\" content=\"2025-05-12T08:06:03+00:00\" \/>\n<meta property=\"og:image\" content=\"https:\/\/instalacionesoviedo.com\/wp-content\/uploads\/2025\/05\/carpenter2.jpg\" \/>\n<meta name=\"twitter:card\" content=\"summary_large_image\" \/>\n<meta name=\"twitter:label1\" content=\"Estimated reading time\" \/>\n\t<meta name=\"twitter:data1\" content=\"1 minute\" \/>\n<script type=\"application\/ld+json\" class=\"yoast-schema-graph\">{\"@context\":\"https:\\\/\\\/schema.org\",\"@graph\":[{\"@type\":\"WebPage\",\"@id\":\"https:\\\/\\\/instalacionesoviedo.com\\\/\",\"url\":\"https:\\\/\\\/instalacionesoviedo.com\\\/\",\"name\":\"Inicio - Instalaciones Oviedo\",\"isPartOf\":{\"@id\":\"https:\\\/\\\/instalacionesoviedo.com\\\/#website\"},\"primaryImageOfPage\":{\"@id\":\"https:\\\/\\\/instalacionesoviedo.com\\\/#primaryimage\"},\"image\":{\"@id\":\"https:\\\/\\\/instalacionesoviedo.com\\\/#primaryimage\"},\"thumbnailUrl\":\"https:\\\/\\\/instalacionesoviedo.com\\\/wp-content\\\/uploads\\\/2025\\\/05\\\/carpenter2.jpg\",\"datePublished\":\"2025-05-06T15:04:00+00:00\",\"dateModified\":\"2025-05-12T08:06:03+00:00\",\"breadcrumb\":{\"@id\":\"https:\\\/\\\/instalacionesoviedo.com\\\/#breadcrumb\"},\"inLanguage\":\"en-GB\",\"potentialAction\":[{\"@type\":\"ReadAction\",\"target\":[\"https:\\\/\\\/instalacionesoviedo.com\\\/\"]}]},{\"@type\":\"ImageObject\",\"inLanguage\":\"en-GB\",\"@id\":\"https:\\\/\\\/instalacionesoviedo.com\\\/#primaryimage\",\"url\":\"https:\\\/\\\/instalacionesoviedo.com\\\/wp-content\\\/uploads\\\/2025\\\/05\\\/carpenter2.jpg\",\"contentUrl\":\"https:\\\/\\\/instalacionesoviedo.com\\\/wp-content\\\/uploads\\\/2025\\\/05\\\/carpenter2.jpg\"},{\"@type\":\"BreadcrumbList\",\"@id\":\"https:\\\/\\\/instalacionesoviedo.com\\\/#breadcrumb\",\"itemListElement\":[{\"@type\":\"ListItem\",\"position\":1,\"name\":\"Portada\",\"item\":\"https:\\\/\\\/instalacionesoviedo.com\\\/\"},{\"@type\":\"ListItem\",\"position\":2,\"name\":\"Inicio\"}]},{\"@type\":\"WebSite\",\"@id\":\"https:\\\/\\\/instalacionesoviedo.com\\\/#website\",\"url\":\"https:\\\/\\\/instalacionesoviedo.com\\\/\",\"name\":\"Instalaciones Oviedo\",\"description\":\"Instalaciones Oviedo es una empresa especializada en ofrecer soluciones integrales en el \u00e1mbito de la carpinter\u00eda.\",\"publisher\":{\"@id\":\"https:\\\/\\\/instalacionesoviedo.com\\\/#organization\"},\"potentialAction\":[{\"@type\":\"SearchAction\",\"target\":{\"@type\":\"EntryPoint\",\"urlTemplate\":\"https:\\\/\\\/instalacionesoviedo.com\\\/?s={search_term_string}\"},\"query-input\":{\"@type\":\"PropertyValueSpecification\",\"valueRequired\":true,\"valueName\":\"search_term_string\"}}],\"inLanguage\":\"en-GB\"},{\"@type\":\"Organization\",\"@id\":\"https:\\\/\\\/instalacionesoviedo.com\\\/#organization\",\"name\":\"Instalaciones Oviedo\",\"url\":\"https:\\\/\\\/instalacionesoviedo.com\\\/\",\"logo\":{\"@type\":\"ImageObject\",\"inLanguage\":\"en-GB\",\"@id\":\"https:\\\/\\\/instalacionesoviedo.com\\\/#\\\/schema\\\/logo\\\/image\\\/\",\"url\":\"https:\\\/\\\/instalacionesoviedo.com\\\/wp-content\\\/uploads\\\/2025\\\/05\\\/cropped-logo_negro.jpg\",\"contentUrl\":\"https:\\\/\\\/instalacionesoviedo.com\\\/wp-content\\\/uploads\\\/2025\\\/05\\\/cropped-logo_negro.jpg\",\"width\":594,\"height\":594,\"caption\":\"Instalaciones Oviedo\"},\"image\":{\"@id\":\"https:\\\/\\\/instalacionesoviedo.com\\\/#\\\/schema\\\/logo\\\/image\\\/\"}}]}<\/script>\n<!-- \/ Yoast SEO plugin. -->","yoast_head_json":{"title":"Inicio - Instalaciones Oviedo","robots":{"index":"index","follow":"follow","max-snippet":"max-snippet:-1","max-image-preview":"max-image-preview:large","max-video-preview":"max-video-preview:-1"},"canonical":"https:\/\/instalacionesoviedo.com\/en\/","og_locale":"en_GB","og_type":"article","og_title":"Inicio - Instalaciones Oviedo","og_description":"Instalaciones Oviedo Soluciones integrales en el \u00e1mbito de la carpinter\u00eda. Nuestros servicios Nuestra Historia Instalaciones Oviedo naci\u00f3 hace m\u00e1s de 10 a\u00f1os con el prop\u00f3sito de ofrecer soluciones de carpinter\u00eda de alta calidad. A lo largo de nuestra trayectoria, hemos acumulado una experiencia invaluable que nos ha permitido perfeccionar nuestros procesos y ofrecer siempre lo [&hellip;]","og_url":"https:\/\/instalacionesoviedo.com\/en\/","og_site_name":"Instalaciones Oviedo","article_modified_time":"2025-05-12T08:06:03+00:00","og_image":[{"url":"https:\/\/instalacionesoviedo.com\/wp-content\/uploads\/2025\/05\/carpenter2.jpg","type":"","width":"","height":""}],"twitter_card":"summary_large_image","twitter_misc":{"Estimated reading time":"1 minute"},"schema":{"@context":"https:\/\/schema.org","@graph":[{"@type":"WebPage","@id":"https:\/\/instalacionesoviedo.com\/","url":"https:\/\/instalacionesoviedo.com\/","name":"Inicio - Instalaciones Oviedo","isPartOf":{"@id":"https:\/\/instalacionesoviedo.com\/#website"},"primaryImageOfPage":{"@id":"https:\/\/instalacionesoviedo.com\/#primaryimage"},"image":{"@id":"https:\/\/instalacionesoviedo.com\/#primaryimage"},"thumbnailUrl":"https:\/\/instalacionesoviedo.com\/wp-content\/uploads\/2025\/05\/carpenter2.jpg","datePublished":"2025-05-06T15:04:00+00:00","dateModified":"2025-05-12T08:06:03+00:00","breadcrumb":{"@id":"https:\/\/instalacionesoviedo.com\/#breadcrumb"},"inLanguage":"en-GB","potentialAction":[{"@type":"ReadAction","target":["https:\/\/instalacionesoviedo.com\/"]}]},{"@type":"ImageObject","inLanguage":"en-GB","@id":"https:\/\/instalacionesoviedo.com\/#primaryimage","url":"https:\/\/instalacionesoviedo.com\/wp-content\/uploads\/2025\/05\/carpenter2.jpg","contentUrl":"https:\/\/instalacionesoviedo.com\/wp-content\/uploads\/2025\/05\/carpenter2.jpg"},{"@type":"BreadcrumbList","@id":"https:\/\/instalacionesoviedo.com\/#breadcrumb","itemListElement":[{"@type":"ListItem","position":1,"name":"Portada","item":"https:\/\/instalacionesoviedo.com\/"},{"@type":"ListItem","position":2,"name":"Inicio"}]},{"@type":"WebSite","@id":"https:\/\/instalacionesoviedo.com\/#website","url":"https:\/\/instalacionesoviedo.com\/","name":"Instalaciones Oviedo","description":"Instalaciones Oviedo es una empresa especializada en ofrecer soluciones integrales en el \u00e1mbito de la carpinter\u00eda.","publisher":{"@id":"https:\/\/instalacionesoviedo.com\/#organization"},"potentialAction":[{"@type":"SearchAction","target":{"@type":"EntryPoint","urlTemplate":"https:\/\/instalacionesoviedo.com\/?s={search_term_string}"},"query-input":{"@type":"PropertyValueSpecification","valueRequired":true,"valueName":"search_term_string"}}],"inLanguage":"en-GB"},{"@type":"Organization","@id":"https:\/\/instalacionesoviedo.com\/#organization","name":"Instalaciones Oviedo","url":"https:\/\/instalacionesoviedo.com\/","logo":{"@type":"ImageObject","inLanguage":"en-GB","@id":"https:\/\/instalacionesoviedo.com\/#\/schema\/logo\/image\/","url":"https:\/\/instalacionesoviedo.com\/wp-content\/uploads\/2025\/05\/cropped-logo_negro.jpg","contentUrl":"https:\/\/instalacionesoviedo.com\/wp-content\/uploads\/2025\/05\/cropped-logo_negro.jpg","width":594,"height":594,"caption":"Instalaciones Oviedo"},"image":{"@id":"https:\/\/instalacionesoviedo.com\/#\/schema\/logo\/image\/"}}]}},"_links":{"self":[{"href":"https:\/\/instalacionesoviedo.com\/en\/wp-json\/wp\/v2\/pages\/23","targetHints":{"allow":["GET"]}}],"collection":[{"href":"https:\/\/instalacionesoviedo.com\/en\/wp-json\/wp\/v2\/pages"}],"about":[{"href":"https:\/\/instalacionesoviedo.com\/en\/wp-json\/wp\/v2\/types\/page"}],"author":[{"embeddable":true,"href":"https:\/\/instalacionesoviedo.com\/en\/wp-json\/wp\/v2\/users\/1"}],"replies":[{"embeddable":true,"href":"https:\/\/instalacionesoviedo.com\/en\/wp-json\/wp\/v2\/comments?post=23"}],"version-history":[{"count":333,"href":"https:\/\/instalacionesoviedo.com\/en\/wp-json\/wp\/v2\/pages\/23\/revisions"}],"predecessor-version":[{"id":1226,"href":"https:\/\/instalacionesoviedo.com\/en\/wp-json\/wp\/v2\/pages\/23\/revisions\/1226"}],"wp:attachment":[{"href":"https:\/\/instalacionesoviedo.com\/en\/wp-json\/wp\/v2\/media?parent=23"}],"curies":[{"name":"wp","href":"https:\/\/api.w.org\/{rel}","templated":true}]}}